{"id":5371,"date":"2019-06-04T07:16:15","date_gmt":"2019-06-04T07:16:15","guid":{"rendered":"https:\/\/diaklakas.hu\/cookie-tajekoztato\/"},"modified":"2019-06-04T07:17:16","modified_gmt":"2019-06-04T07:17:16","slug":"cookie-policy","status":"publish","type":"page","link":"https:\/\/diaklakas.hu\/en\/cookie-policy\/","title":{"rendered":"Cookie policy"},"content":{"rendered":"[vc_row][vc_column][vc_column_text]Like many companies, we use cookies on our websites.<\/p>\n<p>We use cookies to identify, for example, whether you have ever been to our site or to help us identify the features \/ services that may interest you most.\u00a0Cookies enhance your online experience by storing your preferred settings and other information while you browse a particular page.<\/p>\n<p><strong>Cookies cannot\u00a0be used to reveal your\u00a0identity\u00a0or\u00a0personally identifying\u00a0information!\u00a0\u00a0<\/strong><\/p>\n<p>You can disable cookies in your your browser&#8217;s settings menu, but without these cookies you will not be able to take advantage of all the features of our webshop.\u00a0Our Privacy Policy provides more detailed information on the use of cookies.[\/vc_column_text][\/vc_column][\/vc_row]\n","protected":false},"excerpt":{"rendered":"<p>[vc_row][vc_column][vc_column_text]Like many companies, we use cookies on our websites. We use cookies to identify, for example, whether you have ever been to our site or to help us identify the&#8230;<\/p>\n","protected":false},"author":19,"featured_media":0,"parent":0,"menu_order":0,"comment_status":"closed","ping_status":"closed","template":"","meta":{"_acf_changed":false,"footnotes":""},"class_list":["post-5371","page","type-page","status-publish"],"acf":[],"yoast_head":"<title>Cookie policy - Di\u00e1klak\u00e1s Budapesten<\/title>\n<meta name=\"robots\" content=\"index, follow, max-snippet:-1, max-image-preview:large, max-video-preview:-1\" \/>\n<link rel=\"canonical\" href=\"https:\/\/diaklakas.hu\/en\/cookie-policy\/\" \/>\n<meta property=\"og:locale\" content=\"en_US\" \/>\n<meta property=\"og:type\" content=\"article\" \/>\n<meta property=\"og:title\" content=\"Cookie policy\" \/>\n<meta property=\"og:description\" content=\"[vc_row][vc_column][vc_column_text]Like many companies, we use cookies on our websites. We use cookies to identify, for example, whether you have ever been to our site or to help us identify the...\" \/>\n<meta property=\"og:url\" content=\"https:\/\/diaklakas.hu\/en\/cookie-policy\/\" \/>\n<meta property=\"og:site_name\" content=\"Di\u00e1klak\u00e1s Budapesten\" \/>\n<meta property=\"article:publisher\" content=\"https:\/\/www.facebook.com\/studentroomforrentBudapest\" \/>\n<meta property=\"article:modified_time\" content=\"2019-06-04T07:17:16+00:00\" \/>\n<meta property=\"og:image\" content=\"https:\/\/diaklakas.hu\/wp-content\/uploads\/2022\/05\/Student_Dormitory_Budapest_ELTE_Corvinus_Vienna_room_T7I0925x.jpg\" \/>\n\t<meta property=\"og:image:width\" content=\"2000\" \/>\n\t<meta property=\"og:image:height\" content=\"1333\" \/>\n\t<meta property=\"og:image:type\" content=\"image\/jpeg\" \/>\n<meta name=\"twitter:card\" content=\"summary_large_image\" \/>\n<meta name=\"twitter:label1\" content=\"Est. reading time\" \/>\n\t<meta name=\"twitter:data1\" content=\"1 minute\" \/>\n<script type=\"application\/ld+json\" class=\"yoast-schema-graph\">{\"@context\":\"https:\\\/\\\/schema.org\",\"@graph\":[{\"@type\":\"WebPage\",\"@id\":\"https:\\\/\\\/diaklakas.hu\\\/en\\\/cookie-policy\\\/\",\"url\":\"https:\\\/\\\/diaklakas.hu\\\/en\\\/cookie-policy\\\/\",\"name\":\"Cookie policy - Di\u00e1klak\u00e1s Budapesten\",\"isPartOf\":{\"@id\":\"https:\\\/\\\/diaklakas.hu\\\/en\\\/#website\"},\"datePublished\":\"2019-06-04T07:16:15+00:00\",\"dateModified\":\"2019-06-04T07:17:16+00:00\",\"breadcrumb\":{\"@id\":\"https:\\\/\\\/diaklakas.hu\\\/en\\\/cookie-policy\\\/#breadcrumb\"},\"inLanguage\":\"en-US\",\"potentialAction\":[{\"@type\":\"ReadAction\",\"target\":[\"https:\\\/\\\/diaklakas.hu\\\/en\\\/cookie-policy\\\/\"]}]},{\"@type\":\"BreadcrumbList\",\"@id\":\"https:\\\/\\\/diaklakas.hu\\\/en\\\/cookie-policy\\\/#breadcrumb\",\"itemListElement\":[{\"@type\":\"ListItem\",\"position\":1,\"name\":\"Home\",\"item\":\"https:\\\/\\\/diaklakas.hu\\\/en\\\/\"},{\"@type\":\"ListItem\",\"position\":2,\"name\":\"Cookie policy\"}]},{\"@type\":\"WebSite\",\"@id\":\"https:\\\/\\\/diaklakas.hu\\\/en\\\/#website\",\"url\":\"https:\\\/\\\/diaklakas.hu\\\/en\\\/\",\"name\":\"Di\u00e1ksz\u00e1ll\u00e1s, di\u00e1klak\u00e1s Budapest Student Accommodation Budapest\",\"description\":\"Alb\u00e9rlet, ahol alap, hogy j\u00f3l \u00e9rzed magad!\",\"publisher\":{\"@id\":\"https:\\\/\\\/diaklakas.hu\\\/en\\\/#organization\"},\"alternateName\":\"Student Accommodation, Student Housing Budapest\",\"potentialAction\":[{\"@type\":\"SearchAction\",\"target\":{\"@type\":\"EntryPoint\",\"urlTemplate\":\"https:\\\/\\\/diaklakas.hu\\\/en\\\/?s={search_term_string}\"},\"query-input\":{\"@type\":\"PropertyValueSpecification\",\"valueRequired\":true,\"valueName\":\"search_term_string\"}}],\"inLanguage\":\"en-US\"},{\"@type\":\"Organization\",\"@id\":\"https:\\\/\\\/diaklakas.hu\\\/en\\\/#organization\",\"name\":\"Di\u00e1klak\u00e1s, di\u00e1ksz\u00e1ll\u00e1s Student Accommodation Budapest\",\"alternateName\":\"Student Accommodation, Student Housing Budapest\",\"url\":\"https:\\\/\\\/diaklakas.hu\\\/en\\\/\",\"logo\":{\"@type\":\"ImageObject\",\"inLanguage\":\"en-US\",\"@id\":\"https:\\\/\\\/diaklakas.hu\\\/en\\\/#\\\/schema\\\/logo\\\/image\\\/\",\"url\":\"https:\\\/\\\/diaklakas.hu\\\/wp-content\\\/uploads\\\/2019\\\/04\\\/r17_favicon.png\",\"contentUrl\":\"https:\\\/\\\/diaklakas.hu\\\/wp-content\\\/uploads\\\/2019\\\/04\\\/r17_favicon.png\",\"width\":85,\"height\":85,\"caption\":\"Di\u00e1klak\u00e1s, di\u00e1ksz\u00e1ll\u00e1s Student Accommodation Budapest\"},\"image\":{\"@id\":\"https:\\\/\\\/diaklakas.hu\\\/en\\\/#\\\/schema\\\/logo\\\/image\\\/\"},\"sameAs\":[\"https:\\\/\\\/www.facebook.com\\\/studentroomforrentBudapest\",\"https:\\\/\\\/www.youtube.com\\\/@studentaccommodationbudapest\",\"https:\\\/\\\/www.instagram.com\\\/diaklakas_student_apartments\\\/\"]}]}<\/script>","yoast_head_json":{"title":"Cookie policy - Di\u00e1klak\u00e1s Budapesten","robots":{"index":"index","follow":"follow","max-snippet":"max-snippet:-1","max-image-preview":"max-image-preview:large","max-video-preview":"max-video-preview:-1"},"canonical":"https:\/\/diaklakas.hu\/en\/cookie-policy\/","og_locale":"en_US","og_type":"article","og_title":"Cookie policy","og_description":"[vc_row][vc_column][vc_column_text]Like many companies, we use cookies on our websites. We use cookies to identify, for example, whether you have ever been to our site or to help us identify the...","og_url":"https:\/\/diaklakas.hu\/en\/cookie-policy\/","og_site_name":"Di\u00e1klak\u00e1s Budapesten","article_publisher":"https:\/\/www.facebook.com\/studentroomforrentBudapest","article_modified_time":"2019-06-04T07:17:16+00:00","og_image":[{"width":2000,"height":1333,"url":"https:\/\/diaklakas.hu\/wp-content\/uploads\/2022\/05\/Student_Dormitory_Budapest_ELTE_Corvinus_Vienna_room_T7I0925x.jpg","type":"image\/jpeg"}],"twitter_card":"summary_large_image","twitter_misc":{"Est. reading time":"1 minute"},"schema":{"@context":"https:\/\/schema.org","@graph":[{"@type":"WebPage","@id":"https:\/\/diaklakas.hu\/en\/cookie-policy\/","url":"https:\/\/diaklakas.hu\/en\/cookie-policy\/","name":"Cookie policy - Di\u00e1klak\u00e1s Budapesten","isPartOf":{"@id":"https:\/\/diaklakas.hu\/en\/#website"},"datePublished":"2019-06-04T07:16:15+00:00","dateModified":"2019-06-04T07:17:16+00:00","breadcrumb":{"@id":"https:\/\/diaklakas.hu\/en\/cookie-policy\/#breadcrumb"},"inLanguage":"en-US","potentialAction":[{"@type":"ReadAction","target":["https:\/\/diaklakas.hu\/en\/cookie-policy\/"]}]},{"@type":"BreadcrumbList","@id":"https:\/\/diaklakas.hu\/en\/cookie-policy\/#breadcrumb","itemListElement":[{"@type":"ListItem","position":1,"name":"Home","item":"https:\/\/diaklakas.hu\/en\/"},{"@type":"ListItem","position":2,"name":"Cookie policy"}]},{"@type":"WebSite","@id":"https:\/\/diaklakas.hu\/en\/#website","url":"https:\/\/diaklakas.hu\/en\/","name":"Di\u00e1ksz\u00e1ll\u00e1s, di\u00e1klak\u00e1s Budapest Student Accommodation Budapest","description":"Alb\u00e9rlet, ahol alap, hogy j\u00f3l \u00e9rzed magad!","publisher":{"@id":"https:\/\/diaklakas.hu\/en\/#organization"},"alternateName":"Student Accommodation, Student Housing Budapest","potentialAction":[{"@type":"SearchAction","target":{"@type":"EntryPoint","urlTemplate":"https:\/\/diaklakas.hu\/en\/?s={search_term_string}"},"query-input":{"@type":"PropertyValueSpecification","valueRequired":true,"valueName":"search_term_string"}}],"inLanguage":"en-US"},{"@type":"Organization","@id":"https:\/\/diaklakas.hu\/en\/#organization","name":"Di\u00e1klak\u00e1s, di\u00e1ksz\u00e1ll\u00e1s Student Accommodation Budapest","alternateName":"Student Accommodation, Student Housing Budapest","url":"https:\/\/diaklakas.hu\/en\/","logo":{"@type":"ImageObject","inLanguage":"en-US","@id":"https:\/\/diaklakas.hu\/en\/#\/schema\/logo\/image\/","url":"https:\/\/diaklakas.hu\/wp-content\/uploads\/2019\/04\/r17_favicon.png","contentUrl":"https:\/\/diaklakas.hu\/wp-content\/uploads\/2019\/04\/r17_favicon.png","width":85,"height":85,"caption":"Di\u00e1klak\u00e1s, di\u00e1ksz\u00e1ll\u00e1s Student Accommodation Budapest"},"image":{"@id":"https:\/\/diaklakas.hu\/en\/#\/schema\/logo\/image\/"},"sameAs":["https:\/\/www.facebook.com\/studentroomforrentBudapest","https:\/\/www.youtube.com\/@studentaccommodationbudapest","https:\/\/www.instagram.com\/diaklakas_student_apartments\/"]}]}},"_links":{"self":[{"href":"https:\/\/diaklakas.hu\/en\/wp-json\/wp\/v2\/pages\/5371","targetHints":{"allow":["GET"]}}],"collection":[{"href":"https:\/\/diaklakas.hu\/en\/wp-json\/wp\/v2\/pages"}],"about":[{"href":"https:\/\/diaklakas.hu\/en\/wp-json\/wp\/v2\/types\/page"}],"author":[{"embeddable":true,"href":"https:\/\/diaklakas.hu\/en\/wp-json\/wp\/v2\/users\/19"}],"replies":[{"embeddable":true,"href":"https:\/\/diaklakas.hu\/en\/wp-json\/wp\/v2\/comments?post=5371"}],"version-history":[{"count":0,"href":"https:\/\/diaklakas.hu\/en\/wp-json\/wp\/v2\/pages\/5371\/revisions"}],"wp:attachment":[{"href":"https:\/\/diaklakas.hu\/en\/wp-json\/wp\/v2\/media?parent=5371"}],"curies":[{"name":"wp","href":"https:\/\/api.w.org\/{rel}","templated":true}]}}